{"id":7,"date":"2018-10-13T14:42:55","date_gmt":"2018-10-13T14:42:55","guid":{"rendered":"http:\/\/www.saboyaguinea.es\/?page_id=7"},"modified":"2020-01-28T13:06:17","modified_gmt":"2020-01-28T13:06:17","slug":"contacto","status":"publish","type":"page","link":"http:\/\/www.saboyaguinea.es\/index.php\/contacto\/","title":{"rendered":"Contacto"},"content":{"rendered":"<p>[et_pb_section fb_built=\u00bb1&#8243; fullwidth=\u00bbon\u00bb _builder_version=\u00bb3.22.3&#8243;][et_pb_fullwidth_map address=\u00bbAv. de Villajoyosa, 103, 03016 Alicante, Espa\u00f1a\u00bb zoom_level=\u00bb15&#8243; address_lat=\u00bb38.3614888&#8243; address_lng=\u00bb-0.4495408000000225&#8243; mouse_wheel=\u00bboff\u00bb _builder_version=\u00bb3.17.1&#8243; filter_saturate=\u00bb0%\u00bb][et_pb_map_pin pin_address=\u00bbAv. de Villajoyosa, 103, 03016 Alicante, Espa\u00f1a\u00bb pin_address_lat=\u00bb38.3614888&#8243; pin_address_lng=\u00bb-0.4495408000000225&#8243; _builder_version=\u00bb3.17.1&#8243;][\/et_pb_map_pin][\/et_pb_fullwidth_map][\/et_pb_section][et_pb_section fb_built=\u00bb1&#8243; _builder_version=\u00bb3.22.3&#8243; custom_padding=\u00bb54px|0px|100px|0px\u00bb][et_pb_row column_structure=\u00bb2_3,1_3&#8243; use_custom_gutter=\u00bbon\u00bb gutter_width=\u00bb1&#8243; admin_label=\u00bbContact\u00bb _builder_version=\u00bb3.26.6&#8243; background_color_gradient_direction=\u00bb90deg\u00bb background_size=\u00bbinitial\u00bb background_position=\u00bbtop_left\u00bb background_repeat=\u00bbrepeat\u00bb custom_margin=\u00bb-10%|||\u00bb custom_padding=\u00bb0px|0px|0px|0px\u00bb animation_style=\u00bbslide\u00bb animation_direction=\u00bbbottom\u00bb animation_intensity_slide=\u00bb4%\u00bb border_radii=\u00bbon|15px|15px|15px|15px\u00bb box_shadow_style=\u00bbpreset3&#8243; box_shadow_vertical=\u00bb58px\u00bb box_shadow_blur=\u00bb58px\u00bb box_shadow_color=\u00bbrgba(0,0,0,0.1)\u00bb][et_pb_column type=\u00bb2_3&#8243; _builder_version=\u00bb3.25&#8243; custom_padding=\u00bb|||\u00bb custom_padding__hover=\u00bb|||\u00bb][et_pb_contact_form title=\u00bbContacta con nosotros\u00bb submit_button_text=\u00bbEnviar\u00bb module_id=\u00bbet_pb_contact_form_0&#8243; _builder_version=\u00bb4.2.2&#8243; form_field_background_color=\u00bb#ffffff\u00bb title_font=\u00bbLato|700|||||||\u00bb title_font_size=\u00bb34px\u00bb title_line_height=\u00bb1.8em\u00bb captcha_font=\u00bb|600|||||||\u00bb captcha_text_color=\u00bb#000000&#8243; form_field_font=\u00bbLato||||||||\u00bb form_field_font_size=\u00bb16px\u00bb background_color=\u00bb#ffffff\u00bb custom_button=\u00bbon\u00bb button_text_size=\u00bb15px\u00bb button_text_color=\u00bb#ffffff\u00bb button_bg_color=\u00bb#1d437c\u00bb button_border_width=\u00bb6px\u00bb button_border_color=\u00bb#1d437c\u00bb button_border_radius=\u00bb5px\u00bb button_letter_spacing=\u00bb2px\u00bb button_font=\u00bbLato|900||on|||||\u00bb custom_margin=\u00bb|||\u00bb custom_padding=\u00bb50px|50px|50px|50px\u00bb hover_enabled=\u00bb0&#8243; border_radii=\u00bbon|6px|6px|6px|6px\u00bb border_width_all=\u00bb2px\u00bb border_color_all=\u00bb#dce2ee\u00bb form_background_color=\u00bb#ffffff\u00bb button_letter_spacing_hover=\u00bb2px\u00bb use_spam_service=\u00bbon\u00bb recaptcha_list=\u00bbSaboya Guinea V3-0&#8243;][et_pb_contact_field field_id=\u00bbFirst_Name\u00bb field_title=\u00bbNombre\u00bb _builder_version=\u00bb3.17.1&#8243; form_field_font=\u00bb||||||||\u00bb][\/et_pb_contact_field][et_pb_contact_field field_id=\u00bbLast_Name\u00bb field_title=\u00bbApellidos\u00bb _builder_version=\u00bb3.17.1&#8243; form_field_font=\u00bb||||||||\u00bb][\/et_pb_contact_field][et_pb_contact_field field_id=\u00bbEmail\u00bb field_title=\u00bbEmail\u00bb _builder_version=\u00bb3.17.1&#8243;][\/et_pb_contact_field][et_pb_contact_field field_id=\u00bbPhone\u00bb field_title=\u00bbTel\u00e9fono\u00bb field_type=\u00bbemail\u00bb _builder_version=\u00bb3.17.1&#8243; form_field_font=\u00bb||||||||\u00bb][\/et_pb_contact_field][et_pb_contact_field field_id=\u00bbContact_Metho\u00bb field_title=\u00bbMedio de contacto preferido\u00bb field_type=\u00bbselect\u00bb select_options=\u00bb%91{%22value%22:%22Tel\u00e9fono%22,%22checked%22:0},{%22value%22:%22Email%22,%22checked%22:0},{%22value%22:%22Correo postal%22,%22checked%22:0}%93&#8243; required_mark=\u00bboff\u00bb _builder_version=\u00bb3.17.1&#8243; form_field_font=\u00bb||||||||\u00bb][\/et_pb_contact_field][et_pb_contact_field field_id=\u00bbLooking_For\u00bb field_title=\u00bbEst\u00e1 buscando&#8230;\u00bb field_type=\u00bbselect\u00bb select_options=\u00bb%91{%22value%22:%22Nave Industrial%22,%22checked%22:0},{%22value%22:%22Local Comercial%22,%22checked%22:0},{%22value%22:%22Oficina o Despacho%22,%22checked%22:0}%93&#8243; required_mark=\u00bboff\u00bb _builder_version=\u00bb3.17.1&#8243; form_field_font=\u00bb||||||||\u00bb][\/et_pb_contact_field][et_pb_contact_field field_id=\u00bbMessage\u00bb field_title=\u00bbMensaje\u00bb field_type=\u00bbtext\u00bb fullwidth_field=\u00bbon\u00bb _builder_version=\u00bb3.17.1&#8243; form_field_font=\u00bb||||||||\u00bb][\/et_pb_contact_field][\/et_pb_contact_form][\/et_pb_column][et_pb_column type=\u00bb1_3&#8243; _builder_version=\u00bb3.26.6&#8243; use_background_color_gradient=\u00bbon\u00bb background_color_gradient_start=\u00bb#1d437c\u00bb background_color_gradient_end=\u00bbrgba(29,67,124,0.87)\u00bb background_color_gradient_overlays_image=\u00bbon\u00bb background_image=\u00bbhttp:\/\/www.saboyaguinea.es\/wp-content\/uploads\/2018\/10\/architect-firm-14.jpg\u00bb custom_padding=\u00bb70px||70px||false|false\u00bb custom_padding__hover=\u00bb|||\u00bb][et_pb_text _builder_version=\u00bb3.27.4&#8243; text_font=\u00bbRoboto||||||||\u00bb text_font_size=\u00bb16px\u00bb text_line_height=\u00bb1.8em\u00bb header_2_font=\u00bbLato|700|||||||\u00bb header_2_font_size=\u00bb32px\u00bb header_2_line_height=\u00bb1.4em\u00bb background_layout=\u00bbdark\u00bb custom_margin=\u00bb|||\u00bb custom_padding=\u00bb|||40px\u00bb]<\/p>\n<h2>Informaci\u00f3n de Contacto<\/h2>\n<p>Av. Villajoyosa, 103 &#8211; 03016 Alicante<\/p>\n<p>Tel\u00e9fono: +34 965 150 290<\/p>\n<p>Correos<br \/>Informaci\u00f3n: info@saboyaguinea.es<br \/>Contabilidad: silvia@saboyaguinea.es<br \/>Oficina: helios@saboyaguinea.es<\/p>\n<p>Horario<br \/>lunes a viernes de 9:00 AM a 5:00 PM<\/p>\n<p>[\/et_pb_text][et_pb_social_media_follow _builder_version=\u00bb3.17.1&#8243; custom_padding=\u00bb40px|||40px\u00bb][et_pb_social_media_follow_network social_network=\u00bbfacebook\u00bb _builder_version=\u00bb3.0.105&#8243; follow_button=\u00bboff\u00bb url_new_window=\u00bbon\u00bb]facebook[\/et_pb_social_media_follow_network][et_pb_social_media_follow_network social_network=\u00bblinkedin\u00bb _builder_version=\u00bb3.0.105&#8243; follow_button=\u00bboff\u00bb url_new_window=\u00bbon\u00bb]linkedin[\/et_pb_social_media_follow_network][et_pb_social_media_follow_network social_network=\u00bbtwitter\u00bb _builder_version=\u00bb3.0.105&#8243; follow_button=\u00bboff\u00bb url_new_window=\u00bbon\u00bb]twitter[\/et_pb_social_media_follow_network][et_pb_social_media_follow_network social_network=\u00bbinstagram\u00bb _builder_version=\u00bb3.0.105&#8243; follow_button=\u00bboff\u00bb url_new_window=\u00bbon\u00bb]instagram[\/et_pb_social_media_follow_network][\/et_pb_social_media_follow][\/et_pb_column][\/et_pb_row][\/et_pb_section][et_pb_section fb_built=\u00bb1&#8243; prev_background_color=\u00bb#ffffff\u00bb admin_label=\u00bbHero section\u00bb _builder_version=\u00bb3.25.4&#8243; use_background_color_gradient=\u00bbon\u00bb background_color_gradient_start=\u00bbrgba(12,113,195,0.67)\u00bb background_color_gradient_end=\u00bbrgba(8,77,131,0.84)\u00bb background_color_gradient_overlays_image=\u00bbon\u00bb background_image=\u00bbhttp:\/\/www.saboyaguinea.es\/wp-content\/uploads\/2018\/10\/real-estate-06.jpg\u00bb background_position=\u00bbtop_center\u00bb custom_margin=\u00bb|||\u00bb custom_padding=\u00bb10%||10%|\u00bb top_divider_style=\u00bbwave2&#8243; top_divider_arrangement=\u00bbabove_content\u00bb][et_pb_row _builder_version=\u00bb3.25&#8243; custom_margin=\u00bb|||\u00bb][et_pb_column type=\u00bb4_4&#8243; _builder_version=\u00bb3.25&#8243; custom_padding=\u00bb|||\u00bb custom_padding__hover=\u00bb|||\u00bb][et_pb_cta title=\u00bb\u00bfPREPARADO PARA ENCONTRAR LO QUE BUSCA?\u00bb button_url=\u00bbhttp:\/\/www.saboyaguinea.es\/index.php\/properties\/\u00bb button_text=\u00bbEncontrar un inmueble\u00bb _builder_version=\u00bb3.29.3&#8243; header_font=\u00bbLato|900||on|||||\u00bb header_font_size=\u00bb48px\u00bb header_letter_spacing=\u00bb2px\u00bb header_line_height=\u00bb1.2em\u00bb body_font=\u00bbLato||||||||\u00bb body_font_size=\u00bb20px\u00bb body_line_height=\u00bb1.8em\u00bb use_background_color=\u00bboff\u00bb custom_button=\u00bbon\u00bb button_text_size=\u00bb16px\u00bb button_text_color=\u00bb#ffffff\u00bb button_bg_color=\u00bb#fa7f28&#8243; button_border_width=\u00bb6px\u00bb button_border_color=\u00bb#fa7f28&#8243; button_border_radius=\u00bb5px\u00bb button_letter_spacing=\u00bb2px\u00bb button_font=\u00bbLato|900||on|||||\u00bb max_width=\u00bb750px\u00bb module_alignment=\u00bbcenter\u00bb animation_style=\u00bbfold\u00bb header_font_size_tablet=\u00bb40px\u00bb header_font_size_phone=\u00bb\u00bb header_font_size_last_edited=\u00bbon|tablet\u00bb header_text_shadow_style=\u00bbpreset1&#8243; header_text_shadow_blur_strength=\u00bb0.6em\u00bb header_text_shadow_color=\u00bbrgba(0,0,0,0.24)\u00bb box_shadow_style_button=\u00bbpreset3&#8243; box_shadow_blur_button=\u00bb30px\u00bb box_shadow_spread_button=\u00bb8px\u00bb box_shadow_color_button=\u00bbrgba(250,127,40,0.15)\u00bb button_text_size__hover_enabled=\u00bboff\u00bb button_text_size__hover=\u00bbnull\u00bb button_one_text_size__hover_enabled=\u00bboff\u00bb button_one_text_size__hover=\u00bbnull\u00bb button_two_text_size__hover_enabled=\u00bboff\u00bb button_two_text_size__hover=\u00bbnull\u00bb button_text_color__hover_enabled=\u00bboff\u00bb button_text_color__hover=\u00bbnull\u00bb button_one_text_color__hover_enabled=\u00bboff\u00bb button_one_text_color__hover=\u00bbnull\u00bb button_two_text_color__hover_enabled=\u00bboff\u00bb button_two_text_color__hover=\u00bbnull\u00bb button_border_width__hover_enabled=\u00bboff\u00bb button_border_width__hover=\u00bbnull\u00bb button_one_border_width__hover_enabled=\u00bboff\u00bb button_one_border_width__hover=\u00bbnull\u00bb button_two_border_width__hover_enabled=\u00bboff\u00bb button_two_border_width__hover=\u00bbnull\u00bb button_border_color__hover_enabled=\u00bboff\u00bb button_border_color__hover=\u00bbnull\u00bb button_one_border_color__hover_enabled=\u00bboff\u00bb button_one_border_color__hover=\u00bbnull\u00bb button_two_border_color__hover_enabled=\u00bboff\u00bb button_two_border_color__hover=\u00bbnull\u00bb button_border_radius__hover_enabled=\u00bboff\u00bb button_border_radius__hover=\u00bbnull\u00bb button_one_border_radius__hover_enabled=\u00bboff\u00bb button_one_border_radius__hover=\u00bbnull\u00bb button_two_border_radius__hover_enabled=\u00bboff\u00bb button_two_border_radius__hover=\u00bbnull\u00bb button_letter_spacing__hover_enabled=\u00bbon\u00bb button_letter_spacing__hover=\u00bb2px\u00bb button_one_letter_spacing__hover_enabled=\u00bboff\u00bb button_one_letter_spacing__hover=\u00bbnull\u00bb button_two_letter_spacing__hover_enabled=\u00bboff\u00bb button_two_letter_spacing__hover=\u00bbnull\u00bb button_bg_color__hover_enabled=\u00bboff\u00bb button_bg_color__hover=\u00bbnull\u00bb button_one_bg_color__hover_enabled=\u00bboff\u00bb button_one_bg_color__hover=\u00bbnull\u00bb button_two_bg_color__hover_enabled=\u00bboff\u00bb button_two_bg_color__hover=\u00bbnull\u00bb]<\/p>\n<p>Disponemos de Naves Industriales, Locales Comerciales, Oficinas y Despachos en Alicante, Elche y zonas de influencia. Compruebe nuestra oferta.<\/p>\n<p>[\/et_pb_cta][\/et_pb_column][\/et_pb_row][\/et_pb_section]<\/p>\n","protected":false},"excerpt":{"rendered":"<p>Informaci\u00f3n de Contacto Av. Villajoyosa, 103 &#8211; 03016 Alicante Tel\u00e9fono: +34 965 150 290 CorreosInformaci\u00f3n: info@saboyaguinea.esContabilidad: silvia@saboyaguinea.esOficina: helios@saboyaguinea.es Horariolunes a viernes de 9:00 AM a 5:00 PMDisponemos de Naves Industriales, Locales Comerciales, Oficinas y Despachos en Alicante, Elche y zonas de influencia. Compruebe nuestra oferta.<\/p>\n","protected":false},"author":1,"featured_media":0,"parent":0,"menu_order":0,"comment_status":"closed","ping_status":"closed","template":"","meta":{"_et_pb_use_builder":"on","_et_pb_old_content":"<p>Esta es una p\u00e1gina con informaci\u00f3n de contacto b\u00e1sica, como direcci\u00f3n y n\u00famero de tel\u00e9fono. Incluso puedes probar un plugin para a\u00f1adir un formulario de contacto.<\/p>","_et_gb_content_width":"","footnotes":""},"class_list":["post-7","page","type-page","status-publish","hentry"],"_links":{"self":[{"href":"http:\/\/www.saboyaguinea.es\/index.php\/wp-json\/wp\/v2\/pages\/7","targetHints":{"allow":["GET"]}}],"collection":[{"href":"http:\/\/www.saboyaguinea.es\/index.php\/wp-json\/wp\/v2\/pages"}],"about":[{"href":"http:\/\/www.saboyaguinea.es\/index.php\/wp-json\/wp\/v2\/types\/page"}],"author":[{"embeddable":true,"href":"http:\/\/www.saboyaguinea.es\/index.php\/wp-json\/wp\/v2\/users\/1"}],"replies":[{"embeddable":true,"href":"http:\/\/www.saboyaguinea.es\/index.php\/wp-json\/wp\/v2\/comments?post=7"}],"version-history":[{"count":12,"href":"http:\/\/www.saboyaguinea.es\/index.php\/wp-json\/wp\/v2\/pages\/7\/revisions"}],"predecessor-version":[{"id":411,"href":"http:\/\/www.saboyaguinea.es\/index.php\/wp-json\/wp\/v2\/pages\/7\/revisions\/411"}],"wp:attachment":[{"href":"http:\/\/www.saboyaguinea.es\/index.php\/wp-json\/wp\/v2\/media?parent=7"}],"curies":[{"name":"wp","href":"https:\/\/api.w.org\/{rel}","templated":true}]}}